{"id":2572,"date":"2023-09-04T14:14:41","date_gmt":"2023-09-04T14:14:41","guid":{"rendered":"https:\/\/jews-jaunjelgava.lv\/gallery\/"},"modified":"2024-11-22T14:26:35","modified_gmt":"2024-11-22T14:26:35","slug":"gallery","status":"publish","type":"page","link":"https:\/\/jews-jaunjelgava.lv\/lv\/gallery\/","title":{"rendered":"Galerija"},"content":{"rendered":"\n<style type=\"text\/css\" data-created_by=\"avia_inline_auto\" id=\"style-css-av-lm4xt8is-0b5bf5c09958d025606e0ad69b72a8e5\">\n.avia-section.av-lm4xt8is-0b5bf5c09958d025606e0ad69b72a8e5{\nbackground-repeat:no-repeat;\nbackground-image:url(https:\/\/jews-jaunjelgava.lv\/wp-content\/uploads\/2023\/09\/Background-other-pages-min.jpg);\nbackground-position:50% 100%;\nbackground-attachment:scroll;\n}\n<\/style>\n<div id='av_section_1'  class='avia-section av-lm4xt8is-0b5bf5c09958d025606e0ad69b72a8e5 main_color avia-section-default avia-no-border-styling  avia-builder-el-0  el_before_av_section  avia-builder-el-first  avia-full-stretch avia-bg-style-scroll av-minimum-height av-minimum-height-25 av-height-25  container_wrap fullsize'  data-section-bg-repeat='stretch' data-av_minimum_height_pc='25' data-av_min_height_opt='25'><div class='container av-section-cont-open' ><main  role=\"main\" itemprop=\"mainContentOfPage\"  class='template-page content  av-content-full alpha units'><div class='post-entry post-entry-type-page post-entry-2572'><div class='entry-content-wrapper clearfix'>\n\n<style type=\"text\/css\" data-created_by=\"avia_inline_auto\" id=\"style-css-av-llwkpfgr-056b344ee168491d00eca1bf43e22618\">\n#top .av-special-heading.av-llwkpfgr-056b344ee168491d00eca1bf43e22618{\npadding-bottom:10px;\nfont-size:55px;\n}\nbody .av-special-heading.av-llwkpfgr-056b344ee168491d00eca1bf43e22618 .av-special-heading-tag .heading-char{\nfont-size:25px;\n}\n#top #wrap_all .av-special-heading.av-llwkpfgr-056b344ee168491d00eca1bf43e22618 .av-special-heading-tag{\nfont-size:55px;\n}\n.av-special-heading.av-llwkpfgr-056b344ee168491d00eca1bf43e22618 .av-subheading{\nfont-size:15px;\n}\n\n@media only screen and (min-width: 480px) and (max-width: 767px){ \n#top #wrap_all .av-special-heading.av-llwkpfgr-056b344ee168491d00eca1bf43e22618 .av-special-heading-tag{\nfont-size:0.8em;\n}\n}\n\n@media only screen and (max-width: 479px){ \n#top #wrap_all .av-special-heading.av-llwkpfgr-056b344ee168491d00eca1bf43e22618 .av-special-heading-tag{\nfont-size:0.8em;\n}\n}\n<\/style>\n<div  class='av-special-heading av-llwkpfgr-056b344ee168491d00eca1bf43e22618 av-special-heading-h1 blockquote modern-quote modern-centered  avia-builder-el-1  avia-builder-el-no-sibling  av-inherit-size'><h1 class='av-special-heading-tag'  itemprop=\"headline\"  >Galerija<\/h1><div class=\"special-heading-border\"><div class=\"special-heading-inner-border\"><\/div><\/div><\/div>\n<\/div><\/div><\/main><!-- close content main element --><\/div><\/div><div id='av_section_2'  class='avia-section av-1pxk2m-aadabb6d34329997f19b27c4f4d9d99c main_color avia-section-large avia-no-border-styling  avia-builder-el-2  el_after_av_section  avia-builder-el-last  avia-bg-style-scroll container_wrap fullsize'  ><div class='container av-section-cont-open' ><div class='template-page content  av-content-full alpha units'><div class='post-entry post-entry-type-page post-entry-2572'><div class='entry-content-wrapper clearfix'>\n\n<style type=\"text\/css\" data-created_by=\"avia_inline_auto\" id=\"style-css-av-1egrqe-d1b3295ac5f266415ca2f0fea89de32d\">\n#top #wrap_all .avia-slideshow .av-slideshow-caption.av-1egrqe-d1b3295ac5f266415ca2f0fea89de32d__0 .avia-caption-title{\nfont-size:30px;\n}\n#top #wrap_all .avia-slideshow .av-slideshow-caption.av-1egrqe-d1b3295ac5f266415ca2f0fea89de32d__1 .avia-caption-title{\nfont-size:30px;\n}\n#top #wrap_all .avia-slideshow .av-slideshow-caption.av-1egrqe-d1b3295ac5f266415ca2f0fea89de32d__2 .avia-caption-title{\nfont-size:30px;\n}\n#top #wrap_all .avia-slideshow .av-slideshow-caption.av-1egrqe-d1b3295ac5f266415ca2f0fea89de32d__3 .avia-caption-title{\nfont-size:30px;\n}\n#top #wrap_all .avia-slideshow .av-slideshow-caption.av-1egrqe-d1b3295ac5f266415ca2f0fea89de32d__4 .avia-caption-title{\nfont-size:30px;\n}\n#top #wrap_all .avia-slideshow .av-slideshow-caption.av-1egrqe-d1b3295ac5f266415ca2f0fea89de32d__5 .avia-caption-title{\nfont-size:30px;\n}\n#top #wrap_all .avia-slideshow .av-slideshow-caption.av-1egrqe-d1b3295ac5f266415ca2f0fea89de32d__6 .avia-caption-title{\nfont-size:20px;\n}\n<\/style>\n<div  class='avia-slideshow av-1egrqe-d1b3295ac5f266415ca2f0fea89de32d avia-slideshow-no scaling av_slideshow avia-slide-slider  avia-builder-el-3  el_before_av_hr  avia-builder-el-first  av-slideshow-ui av-control-default av-nav-arrows-visible av-no-slider-navigation av-slideshow-manual av-loop-once av-loop-manual-endless av-default-height-applied avia-slideshow-1' data-slideshow-options=\"{&quot;animation&quot;:&quot;slide&quot;,&quot;autoplay&quot;:false,&quot;loop_autoplay&quot;:&quot;once&quot;,&quot;interval&quot;:5,&quot;loop_manual&quot;:&quot;manual-endless&quot;,&quot;autoplay_stopper&quot;:false,&quot;noNavigation&quot;:false,&quot;bg_slider&quot;:false,&quot;keep_padding&quot;:false,&quot;hoverpause&quot;:false,&quot;show_slide_delay&quot;:0}\"  itemprop=\"image\" itemscope=\"itemscope\" itemtype=\"https:\/\/schema.org\/ImageObject\" ><ul class='avia-slideshow-inner ' style='padding-bottom: 56.372549019608%;'><li  class='avia-slideshow-slide av-1egrqe-d1b3295ac5f266415ca2f0fea89de32d__0  slide-1 slide-odd'><div data-rel='slideshow-1' class='avia-slide-wrap '   ><div class='av-slideshow-caption av-1egrqe-d1b3295ac5f266415ca2f0fea89de32d__0 avia-caption'><div class=\"avia-inner-caption\"><h3 class='avia-caption-title '  itemprop=\"name\" >Rigasche ielas austrumu gala drupas. 1916. g.<\/h3><\/div><\/div><img decoding=\"async\" fetchpriority=\"high\" class=\"wp-image-1728 avia-img-lazy-loading-not-1728\"  src=\"https:\/\/jews-jaunjelgava.lv\/wp-content\/uploads\/2023\/08\/Gallery-1-min.png\" width=\"1224\" height=\"690\" title='' alt=''  itemprop=\"thumbnailUrl\" srcset=\"https:\/\/jews-jaunjelgava.lv\/wp-content\/uploads\/2023\/08\/Gallery-1-min.png 1224w, https:\/\/jews-jaunjelgava.lv\/wp-content\/uploads\/2023\/08\/Gallery-1-min-300x169.png 300w, https:\/\/jews-jaunjelgava.lv\/wp-content\/uploads\/2023\/08\/Gallery-1-min-1024x577.png 1024w, https:\/\/jews-jaunjelgava.lv\/wp-content\/uploads\/2023\/08\/Gallery-1-min-768x433.png 768w, https:\/\/jews-jaunjelgava.lv\/wp-content\/uploads\/2023\/08\/Gallery-1-min-705x397.png 705w\" sizes=\"(max-width: 1224px) 100vw, 1224px\" \/><\/div><\/li><li  class='avia-slideshow-slide av-1egrqe-d1b3295ac5f266415ca2f0fea89de32d__1  slide-2 slide-even'><div data-rel='slideshow-1' class='avia-slide-wrap '   ><div class='av-slideshow-caption av-1egrqe-d1b3295ac5f266415ca2f0fea89de32d__1 avia-caption'><div class=\"avia-inner-caption\"><h2 class='avia-caption-title '  itemprop=\"name\" >Mitausche ielas austrumu gal\u0101. Pirms 1914. g.<\/h2><\/div><\/div><img decoding=\"async\" fetchpriority=\"high\" class=\"wp-image-1729 avia-img-lazy-loading-not-1729\"  src=\"https:\/\/jews-jaunjelgava.lv\/wp-content\/uploads\/2023\/08\/Gallery-2-min.jpg\" width=\"1204\" height=\"670\" title='' alt=''  itemprop=\"thumbnailUrl\" srcset=\"https:\/\/jews-jaunjelgava.lv\/wp-content\/uploads\/2023\/08\/Gallery-2-min.jpg 1204w, https:\/\/jews-jaunjelgava.lv\/wp-content\/uploads\/2023\/08\/Gallery-2-min-300x167.jpg 300w, https:\/\/jews-jaunjelgava.lv\/wp-content\/uploads\/2023\/08\/Gallery-2-min-1024x570.jpg 1024w, https:\/\/jews-jaunjelgava.lv\/wp-content\/uploads\/2023\/08\/Gallery-2-min-768x427.jpg 768w, https:\/\/jews-jaunjelgava.lv\/wp-content\/uploads\/2023\/08\/Gallery-2-min-705x392.jpg 705w\" sizes=\"(max-width: 1204px) 100vw, 1204px\" \/><\/div><\/li><li  class='avia-slideshow-slide av-1egrqe-d1b3295ac5f266415ca2f0fea89de32d__2  slide-3 slide-odd'><div data-rel='slideshow-1' class='avia-slide-wrap '   ><div class='av-slideshow-caption av-1egrqe-d1b3295ac5f266415ca2f0fea89de32d__2 avia-caption'><div class=\"avia-inner-caption\"><h2 class='avia-caption-title '  itemprop=\"name\" >Vec\u0101 ebreju kaps\u0113ta (8 km uz austrumiem no pils\u0113tas). Ap 1916. g.<\/h2><\/div><\/div><img decoding=\"async\" fetchpriority=\"high\" class=\"wp-image-1730 avia-img-lazy-loading-not-1730\"  src=\"https:\/\/jews-jaunjelgava.lv\/wp-content\/uploads\/2023\/08\/Gallery-3-min.jpg\" width=\"1204\" height=\"670\" title='' alt=''  itemprop=\"thumbnailUrl\" srcset=\"https:\/\/jews-jaunjelgava.lv\/wp-content\/uploads\/2023\/08\/Gallery-3-min.jpg 1204w, https:\/\/jews-jaunjelgava.lv\/wp-content\/uploads\/2023\/08\/Gallery-3-min-300x167.jpg 300w, https:\/\/jews-jaunjelgava.lv\/wp-content\/uploads\/2023\/08\/Gallery-3-min-1024x570.jpg 1024w, https:\/\/jews-jaunjelgava.lv\/wp-content\/uploads\/2023\/08\/Gallery-3-min-768x427.jpg 768w, https:\/\/jews-jaunjelgava.lv\/wp-content\/uploads\/2023\/08\/Gallery-3-min-705x392.jpg 705w\" sizes=\"(max-width: 1204px) 100vw, 1204px\" \/><\/div><\/li><li  class='avia-slideshow-slide av-1egrqe-d1b3295ac5f266415ca2f0fea89de32d__3  slide-4 slide-even'><div data-rel='slideshow-1' class='avia-slide-wrap '   ><div class='av-slideshow-caption av-1egrqe-d1b3295ac5f266415ca2f0fea89de32d__3 avia-caption'><div class=\"avia-inner-caption\"><h2 class='avia-caption-title '  itemprop=\"name\" >\u010cuguna kapa z\u012bme Jaunaj\u0101 ebreju kaps\u0113t\u0101. Ap 2004. g.<\/h2><\/div><\/div><img decoding=\"async\" fetchpriority=\"high\" class=\"wp-image-1731 avia-img-lazy-loading-not-1731\"  src=\"https:\/\/jews-jaunjelgava.lv\/wp-content\/uploads\/2023\/08\/Gallery-4-min.jpg\" width=\"1204\" height=\"670\" title='' alt=''  itemprop=\"thumbnailUrl\" srcset=\"https:\/\/jews-jaunjelgava.lv\/wp-content\/uploads\/2023\/08\/Gallery-4-min.jpg 1204w, https:\/\/jews-jaunjelgava.lv\/wp-content\/uploads\/2023\/08\/Gallery-4-min-300x167.jpg 300w, https:\/\/jews-jaunjelgava.lv\/wp-content\/uploads\/2023\/08\/Gallery-4-min-1024x570.jpg 1024w, https:\/\/jews-jaunjelgava.lv\/wp-content\/uploads\/2023\/08\/Gallery-4-min-768x427.jpg 768w, https:\/\/jews-jaunjelgava.lv\/wp-content\/uploads\/2023\/08\/Gallery-4-min-705x392.jpg 705w\" sizes=\"(max-width: 1204px) 100vw, 1204px\" \/><\/div><\/li><li  class='avia-slideshow-slide av-1egrqe-d1b3295ac5f266415ca2f0fea89de32d__4  slide-5 slide-odd'><div data-rel='slideshow-1' class='avia-slide-wrap '   ><div class='av-slideshow-caption av-1egrqe-d1b3295ac5f266415ca2f0fea89de32d__4 avia-caption'><div class=\"avia-inner-caption\"><h2 class='avia-caption-title '  itemprop=\"name\" >Boj\u0101t\u0101 Fr\u012bdrih\u0161tates r\u0101tsnama \u0113ka. 1916. g.<\/h2><\/div><\/div><img decoding=\"async\" fetchpriority=\"high\" class=\"wp-image-1732 avia-img-lazy-loading-not-1732\"  src=\"https:\/\/jews-jaunjelgava.lv\/wp-content\/uploads\/2023\/08\/Gallery-5-min.jpg\" width=\"1204\" height=\"670\" title='' alt=''  itemprop=\"thumbnailUrl\" srcset=\"https:\/\/jews-jaunjelgava.lv\/wp-content\/uploads\/2023\/08\/Gallery-5-min.jpg 1204w, https:\/\/jews-jaunjelgava.lv\/wp-content\/uploads\/2023\/08\/Gallery-5-min-300x167.jpg 300w, https:\/\/jews-jaunjelgava.lv\/wp-content\/uploads\/2023\/08\/Gallery-5-min-1024x570.jpg 1024w, https:\/\/jews-jaunjelgava.lv\/wp-content\/uploads\/2023\/08\/Gallery-5-min-768x427.jpg 768w, https:\/\/jews-jaunjelgava.lv\/wp-content\/uploads\/2023\/08\/Gallery-5-min-705x392.jpg 705w\" sizes=\"(max-width: 1204px) 100vw, 1204px\" \/><\/div><\/li><li  class='avia-slideshow-slide av-1egrqe-d1b3295ac5f266415ca2f0fea89de32d__5  slide-6 slide-even'><div data-rel='slideshow-1' class='avia-slide-wrap '   ><div class='av-slideshow-caption av-1egrqe-d1b3295ac5f266415ca2f0fea89de32d__5 avia-caption'><div class=\"avia-inner-caption\"><h2 class='avia-caption-title '  itemprop=\"name\" >Fr\u012bdrih\u0161tates karte. 1833. No Latvijas Valsts v\u0113stures arh\u012bva<\/h2><\/div><\/div><img decoding=\"async\" fetchpriority=\"high\" class=\"wp-image-1734 avia-img-lazy-loading-not-1734\"  src=\"https:\/\/jews-jaunjelgava.lv\/wp-content\/uploads\/2023\/08\/Gallery-7-min.jpg\" width=\"1204\" height=\"670\" title='' alt=''  itemprop=\"thumbnailUrl\" srcset=\"https:\/\/jews-jaunjelgava.lv\/wp-content\/uploads\/2023\/08\/Gallery-7-min.jpg 1204w, https:\/\/jews-jaunjelgava.lv\/wp-content\/uploads\/2023\/08\/Gallery-7-min-300x167.jpg 300w, https:\/\/jews-jaunjelgava.lv\/wp-content\/uploads\/2023\/08\/Gallery-7-min-1024x570.jpg 1024w, https:\/\/jews-jaunjelgava.lv\/wp-content\/uploads\/2023\/08\/Gallery-7-min-768x427.jpg 768w, https:\/\/jews-jaunjelgava.lv\/wp-content\/uploads\/2023\/08\/Gallery-7-min-705x392.jpg 705w\" sizes=\"(max-width: 1204px) 100vw, 1204px\" \/><\/div><\/li><li  class='avia-slideshow-slide av-1egrqe-d1b3295ac5f266415ca2f0fea89de32d__6  slide-7 slide-odd'><div data-rel='slideshow-1' class='avia-slide-wrap '   ><div class='av-slideshow-caption av-1egrqe-d1b3295ac5f266415ca2f0fea89de32d__6 avia-caption'><div class=\"avia-inner-caption\"><h2 class='avia-caption-title '  itemprop=\"name\" >Gr\u0101fa Komarovska restor\u0101ns. Pirms 1914. g.<\/h2><\/div><\/div><img decoding=\"async\" fetchpriority=\"high\" class=\"wp-image-2542 avia-img-lazy-loading-not-2542\"  src=\"https:\/\/jews-jaunjelgava.lv\/wp-content\/uploads\/2024\/02\/Restaurant-of-count-Komarovsky.png\" width=\"806\" height=\"517\" title='Restaurant of count Komarovsky' alt=''  itemprop=\"thumbnailUrl\" srcset=\"https:\/\/jews-jaunjelgava.lv\/wp-content\/uploads\/2024\/02\/Restaurant-of-count-Komarovsky.png 806w, https:\/\/jews-jaunjelgava.lv\/wp-content\/uploads\/2024\/02\/Restaurant-of-count-Komarovsky-300x192.png 300w, https:\/\/jews-jaunjelgava.lv\/wp-content\/uploads\/2024\/02\/Restaurant-of-count-Komarovsky-768x493.png 768w, https:\/\/jews-jaunjelgava.lv\/wp-content\/uploads\/2024\/02\/Restaurant-of-count-Komarovsky-705x452.png 705w\" sizes=\"(max-width: 806px) 100vw, 806px\" \/><\/div><\/li><\/ul><div class='avia-slideshow-arrows avia-slideshow-controls' ><a href='#prev' class='prev-slide ' aria-hidden='true' data-av_icon='\ue87c' data-av_iconfont='entypo-fontello'  tabindex='-1'>Previous<\/a><a href='#next' class='next-slide ' aria-hidden='true' data-av_icon='\ue87d' data-av_iconfont='entypo-fontello'  tabindex='-1'>Next<\/a><\/div><\/div>\n\n<style type=\"text\/css\" data-created_by=\"avia_inline_auto\" id=\"style-css-av-lm4yrr0j-858863725ad04eb46245aef5e2e59795\">\n#top .hr.hr-invisible.av-lm4yrr0j-858863725ad04eb46245aef5e2e59795{\nheight:50px;\n}\n<\/style>\n<div  class='hr av-lm4yrr0j-858863725ad04eb46245aef5e2e59795 hr-invisible  avia-builder-el-4  el_after_av_slideshow  avia-builder-el-last '><span class='hr-inner '><span class=\"hr-inner-style\"><\/span><\/span><\/div>\n<\/p>\n","protected":false},"excerpt":{"rendered":"","protected":false},"author":1,"featured_media":0,"parent":0,"menu_order":0,"comment_status":"closed","ping_status":"closed","template":"","meta":{"footnotes":""},"class_list":["post-2572","page","type-page","status-publish","hentry"],"_links":{"self":[{"href":"https:\/\/jews-jaunjelgava.lv\/lv\/wp-json\/wp\/v2\/pages\/2572","targetHints":{"allow":["GET"]}}],"collection":[{"href":"https:\/\/jews-jaunjelgava.lv\/lv\/wp-json\/wp\/v2\/pages"}],"about":[{"href":"https:\/\/jews-jaunjelgava.lv\/lv\/wp-json\/wp\/v2\/types\/page"}],"author":[{"embeddable":true,"href":"https:\/\/jews-jaunjelgava.lv\/lv\/wp-json\/wp\/v2\/users\/1"}],"replies":[{"embeddable":true,"href":"https:\/\/jews-jaunjelgava.lv\/lv\/wp-json\/wp\/v2\/comments?post=2572"}],"version-history":[{"count":2,"href":"https:\/\/jews-jaunjelgava.lv\/lv\/wp-json\/wp\/v2\/pages\/2572\/revisions"}],"predecessor-version":[{"id":2574,"href":"https:\/\/jews-jaunjelgava.lv\/lv\/wp-json\/wp\/v2\/pages\/2572\/revisions\/2574"}],"wp:attachment":[{"href":"https:\/\/jews-jaunjelgava.lv\/lv\/wp-json\/wp\/v2\/media?parent=2572"}],"curies":[{"name":"wp","href":"https:\/\/api.w.org\/{rel}","templated":true}]}}