{"id":2555,"date":"2023-09-04T11:37:22","date_gmt":"2023-09-04T11:37:22","guid":{"rendered":"https:\/\/jews-jaunjelgava.lv\/contacts\/"},"modified":"2024-11-22T14:14:14","modified_gmt":"2024-11-22T14:14:14","slug":"contacts","status":"publish","type":"page","link":"https:\/\/jews-jaunjelgava.lv\/lv\/contacts\/","title":{"rendered":"Kontakti"},"content":{"rendered":"\n<style type=\"text\/css\" data-created_by=\"avia_inline_auto\" id=\"style-css-av-lm4xt8is-0b5bf5c09958d025606e0ad69b72a8e5\">\n.avia-section.av-lm4xt8is-0b5bf5c09958d025606e0ad69b72a8e5{\nbackground-repeat:no-repeat;\nbackground-image:url(https:\/\/jews-jaunjelgava.lv\/wp-content\/uploads\/2023\/09\/Background-other-pages-min.jpg);\nbackground-position:50% 100%;\nbackground-attachment:scroll;\n}\n<\/style>\n<div id='av_section_1'  class='avia-section av-lm4xt8is-0b5bf5c09958d025606e0ad69b72a8e5 main_color avia-section-default avia-no-border-styling  avia-builder-el-0  el_before_av_section  avia-builder-el-first  avia-full-stretch avia-bg-style-scroll av-minimum-height av-minimum-height-25 av-height-25  container_wrap fullsize'  data-section-bg-repeat='stretch' data-av_minimum_height_pc='25' data-av_min_height_opt='25'><div class='container av-section-cont-open' ><main  role=\"main\" itemprop=\"mainContentOfPage\"  class='template-page content  av-content-full alpha units'><div class='post-entry post-entry-type-page post-entry-2555'><div class='entry-content-wrapper clearfix'>\n\n<style type=\"text\/css\" data-created_by=\"avia_inline_auto\" id=\"style-css-av-llwkpfgr-f34c63727726c7f8a00534df16c3feb0\">\n#top .av-special-heading.av-llwkpfgr-f34c63727726c7f8a00534df16c3feb0{\npadding-bottom:10px;\nfont-size:55px;\n}\nbody .av-special-heading.av-llwkpfgr-f34c63727726c7f8a00534df16c3feb0 .av-special-heading-tag .heading-char{\nfont-size:25px;\n}\n#top #wrap_all .av-special-heading.av-llwkpfgr-f34c63727726c7f8a00534df16c3feb0 .av-special-heading-tag{\nfont-size:55px;\n}\n.av-special-heading.av-llwkpfgr-f34c63727726c7f8a00534df16c3feb0 .av-subheading{\nfont-size:15px;\n}\n\n@media only screen and (min-width: 480px) and (max-width: 767px){ \n#top #wrap_all .av-special-heading.av-llwkpfgr-f34c63727726c7f8a00534df16c3feb0 .av-special-heading-tag{\nfont-size:0.8em;\n}\n}\n\n@media only screen and (max-width: 479px){ \n#top #wrap_all .av-special-heading.av-llwkpfgr-f34c63727726c7f8a00534df16c3feb0 .av-special-heading-tag{\nfont-size:0.8em;\n}\n}\n<\/style>\n<div  class='av-special-heading av-llwkpfgr-f34c63727726c7f8a00534df16c3feb0 av-special-heading-h1 blockquote modern-quote modern-centered  avia-builder-el-1  avia-builder-el-no-sibling  av-inherit-size'><h1 class='av-special-heading-tag'  itemprop=\"headline\"  >Kontakti<\/h1><div class=\"special-heading-border\"><div class=\"special-heading-inner-border\"><\/div><\/div><\/div>\n<\/div><\/div><\/main><!-- close content main element --><\/div><\/div><div id='av_section_2'  class='avia-section av-lm4xv18l-cabc5abc306c37a86a2757df74a7a425 main_color avia-section-default avia-no-border-styling  avia-builder-el-2  el_after_av_section  el_before_av_section  avia-bg-style-scroll container_wrap fullsize'  ><div class='container av-section-cont-open' ><div class='template-page content  av-content-full alpha units'><div class='post-entry post-entry-type-page post-entry-2555'><div class='entry-content-wrapper clearfix'>\n<div  class='flex_column av-krk7c-c5477b8c8de567d51fd4d8718bd04997 av_one_fifth  avia-builder-el-3  el_before_av_three_fifth  avia-builder-el-first  first flex_column_div  '     ><\/div><div  class='flex_column av-eexhs-bb25d761ffaa87c6b423b0c051ac862d av_three_fifth  avia-builder-el-4  el_after_av_one_fifth  el_before_av_one_fifth  flex_column_div  '     ><section  id=\"contacts-table\"  class='av_textblock_section av-lm4xxkd7-bf248a6e6e241c62e7c4773cd41f7bdb '   itemscope=\"itemscope\" itemtype=\"https:\/\/schema.org\/CreativeWork\" ><div class='avia_textblock'  itemprop=\"text\" ><table>\n<tbody>\n<tr>\n<td style=\"text-align: left;\" width=\"40%\"><img decoding=\"async\" class=\"wp-image-224 size-full alignnone\" src=\"https:\/\/jews-jaunjelgava.lv\/wp-content\/uploads\/2023\/09\/Group-1000002599.svg\" alt=\"\" \/><a href=\"mailto:info@jews-jaunjelgava.lv\">info@jews-jaunjelgava.lv<\/a><\/td>\n<td style=\"text-align: left;\" width=\"60%\"><img loading=\"lazy\" decoding=\"async\" class=\"wp-image-223 size-full alignnone\" src=\"https:\/\/jews-jaunjelgava.lv\/wp-content\/uploads\/2023\/09\/Vector-3.svg\" alt=\"\" width=\"35\" height=\"34\" \/> Jaunjelgavas Ebreju piemi\u0146as biedr\u012bba<\/td>\n<\/tr>\n<\/tbody>\n<\/table>\n<\/div><\/section><\/div><div  class='flex_column av-6ljv4-ab040517ba6e3299101a42a8b926bb56 av_one_fifth  avia-builder-el-6  el_after_av_three_fifth  avia-builder-el-last  flex_column_div  '     ><\/div><\/div><\/div><\/div><!-- close content main div --><\/div><\/div><div id='av_section_3'  class='avia-section av-llwkp6r9-45588a6b897337a7af04561bdddbbfb9 main_color avia-section-default avia-no-border-styling  avia-builder-el-7  el_after_av_section  avia-builder-el-last  avia-bg-style-scroll container_wrap fullsize'  ><div class='container av-section-cont-open' ><div class='template-page content  av-content-full alpha units'><div class='post-entry post-entry-type-page post-entry-2555'><div class='entry-content-wrapper clearfix'>\n\n<style type=\"text\/css\" data-created_by=\"avia_inline_auto\" id=\"style-css-av-9azkw-92af7d307f1e193f20964862e523598b\">\n#top .av-special-heading.av-9azkw-92af7d307f1e193f20964862e523598b{\npadding-bottom:10px;\n}\nbody .av-special-heading.av-9azkw-92af7d307f1e193f20964862e523598b .av-special-heading-tag .heading-char{\nfont-size:25px;\n}\n.av-special-heading.av-9azkw-92af7d307f1e193f20964862e523598b .av-subheading{\nfont-size:15px;\n}\n<\/style>\n<div  class='av-special-heading av-9azkw-92af7d307f1e193f20964862e523598b av-special-heading-h2 blockquote modern-quote modern-centered  avia-builder-el-8  el_before_av_one_half  avia-builder-el-first '><h2 class='av-special-heading-tag'  itemprop=\"headline\"  >Sazinieties ar autoru<\/h2><div class=\"special-heading-border\"><div class=\"special-heading-inner-border\"><\/div><\/div><\/div>\n<div class='flex_column_table av-llwkqvp0-56a07b917b6139e90182c78d7cc94b9b sc-av_one_half av-equal-height-column-flextable'>\n<style type=\"text\/css\" data-created_by=\"avia_inline_auto\" id=\"style-css-av-llwkqvp0-56a07b917b6139e90182c78d7cc94b9b\">\n.flex_column.av-llwkqvp0-56a07b917b6139e90182c78d7cc94b9b{\nwidth:49%;\nmargin-left:0;\npadding:80px 100px 80px 100px;\nbackground:url(https:\/\/jews-jaunjelgava.lv\/wp-content\/uploads\/2023\/08\/\u0421ontact-the-author.svg) 50% 50% no-repeat scroll ;\n}\n#top .flex_column_table.av-equal-height-column-flextable.av-llwkqvp0-56a07b917b6139e90182c78d7cc94b9b .av-flex-placeholder{\nwidth:2%;\n}\n<\/style>\n<div  class='flex_column av-llwkqvp0-56a07b917b6139e90182c78d7cc94b9b av_one_half  avia-builder-el-9  el_after_av_heading  el_before_av_one_half  first flex_column_table_cell av-equal-height-column av-align-middle avia-full-contain  '     ><section  class='av_textblock_section av-llwksfbv-cdbd31cdc32099b0bd6e42239ce4c537 '   itemscope=\"itemscope\" itemtype=\"https:\/\/schema.org\/CreativeWork\" ><div class='avia_textblock'  itemprop=\"text\" ><h3 style=\"text-align: center;\">Ja v\u0113laties sa\u0146emt padomu vai jums ir dokumenti, kurus var public\u0113t \u0161aj\u0101 vietn\u0113, l\u016bdzu, sazinieties ar mums, izmantojot kontaktformu.<\/h3>\n<\/div><\/section><\/div><div class='av-flex-placeholder'><\/div>\n<style type=\"text\/css\" data-created_by=\"avia_inline_auto\" id=\"style-css-av-yxvr-8f5fde11f4260a07a271c25b08685238\">\n.flex_column.av-yxvr-8f5fde11f4260a07a271c25b08685238{\nwidth:49%;\nmargin-left:0;\n}\n#top .flex_column_table.av-equal-height-column-flextable.av-yxvr-8f5fde11f4260a07a271c25b08685238 .av-flex-placeholder{\nwidth:2%;\n}\n<\/style>\n<div  class='flex_column av-yxvr-8f5fde11f4260a07a271c25b08685238 av_one_half  avia-builder-el-11  el_after_av_one_half  el_before_av_hr  flex_column_table_cell av-equal-height-column av-align-middle  '     ><p>\n<style type=\"text\/css\" data-created_by=\"avia_inline_auto\" id=\"style-css-av-llwlq627-ee8c6dc350c76454746ce979752fa6c9\">\n#top .hr.hr-invisible.av-llwlq627-ee8c6dc350c76454746ce979752fa6c9{\nheight:20px;\n}\n<\/style>\n<div  class='hr av-llwlq627-ee8c6dc350c76454746ce979752fa6c9 hr-invisible  avia-builder-el-12  el_before_av_contact  avia-builder-el-first '><span class='hr-inner '><span class=\"hr-inner-style\"><\/span><\/span><\/div><br \/>\n<form action=\"https:\/\/jews-jaunjelgava.lv\/lv\/contacts\/\" method=\"post\" data-fields-with-error=\"Found errors in the following field(s):\" class=\"avia_ajax_form av-form-labels-hidden   avia-builder-el-13  el_after_av_hr  avia-builder-el-last   \" data-avia-form-id=\"1\" data-avia-redirect='' ><fieldset><p class='  first_form  form_element form_element_half' id='element_avia_1_1'><label for=\"avia_1_1\">V\u0101rds <abbr class=\"required\" title=\"required\">*<\/abbr><\/label> <input name=\"avia_1_1\" class=\"text_input is_empty\" type=\"text\" id=\"avia_1_1\" value=\"\"  placeholder='V\u0101rds*'\/><\/p><p class='  form_element form_element_half' id='element_avia_2_1'><label for=\"avia_2_1\">E-pasts <abbr class=\"required\" title=\"required\">*<\/abbr><\/label> <input name=\"avia_2_1\" class=\"text_input is_email\" type=\"text\" id=\"avia_2_1\" value=\"\"  placeholder='E-pasts*'\/><\/p><p class='  first_form  form_element form_fullwidth av-last-visible-form-element' id='element_avia_3_1'><label for=\"avia_3_1\" class=\"textare_label hidden textare_label_avia_3_1\">Zi\u0146a <abbr class=\"required\" title=\"required\">*<\/abbr><\/label><textarea  placeholder='Zi\u0146a*' name=\"avia_3_1\" class=\"text_area is_empty\" cols=\"40\" rows=\"7\" id=\"avia_3_1\" ><\/textarea><\/p><p class=\"hidden\"><input type=\"text\" name=\"avia_4_1\" class=\"hidden \" id=\"avia_4_1\" value=\"\" \/><\/p><p class=\"form_element \"><input type=\"hidden\" value=\"1\" name=\"avia_generated_form1\" \/><input type=\"submit\" value=\"S\u016bt\u012bt\" class=\"button\"  data-sending-label=\"Sending\"\/><\/p><\/fieldset><\/form><div id=\"ajaxresponse_1\" class=\"ajaxresponse ajaxresponse_1 hidden\"><\/div><\/p><\/div><\/div><!--close column table wrapper. Autoclose: 1 -->\n<style type=\"text\/css\" data-created_by=\"avia_inline_auto\" id=\"style-css-av-lm4y6dwt-49ba0ada5d43c75ba7fac31b748d8957\">\n#top .hr.hr-invisible.av-lm4y6dwt-49ba0ada5d43c75ba7fac31b748d8957{\nheight:110px;\n}\n<\/style>\n<div  class='hr av-lm4y6dwt-49ba0ada5d43c75ba7fac31b748d8957 hr-invisible  avia-builder-el-14  el_after_av_one_half  avia-builder-el-last '><span class='hr-inner '><span class=\"hr-inner-style\"><\/span><\/span><\/div>\n<\/p>\n","protected":false},"excerpt":{"rendered":"","protected":false},"author":1,"featured_media":0,"parent":0,"menu_order":0,"comment_status":"closed","ping_status":"closed","template":"","meta":{"footnotes":""},"class_list":["post-2555","page","type-page","status-publish","hentry"],"_links":{"self":[{"href":"https:\/\/jews-jaunjelgava.lv\/lv\/wp-json\/wp\/v2\/pages\/2555","targetHints":{"allow":["GET"]}}],"collection":[{"href":"https:\/\/jews-jaunjelgava.lv\/lv\/wp-json\/wp\/v2\/pages"}],"about":[{"href":"https:\/\/jews-jaunjelgava.lv\/lv\/wp-json\/wp\/v2\/types\/page"}],"author":[{"embeddable":true,"href":"https:\/\/jews-jaunjelgava.lv\/lv\/wp-json\/wp\/v2\/users\/1"}],"replies":[{"embeddable":true,"href":"https:\/\/jews-jaunjelgava.lv\/lv\/wp-json\/wp\/v2\/comments?post=2555"}],"version-history":[{"count":2,"href":"https:\/\/jews-jaunjelgava.lv\/lv\/wp-json\/wp\/v2\/pages\/2555\/revisions"}],"predecessor-version":[{"id":2557,"href":"https:\/\/jews-jaunjelgava.lv\/lv\/wp-json\/wp\/v2\/pages\/2555\/revisions\/2557"}],"wp:attachment":[{"href":"https:\/\/jews-jaunjelgava.lv\/lv\/wp-json\/wp\/v2\/media?parent=2555"}],"curies":[{"name":"wp","href":"https:\/\/api.w.org\/{rel}","templated":true}]}}